{"id":85624,"date":"2024-11-09T17:05:03","date_gmt":"2024-11-09T17:05:03","guid":{"rendered":"https:\/\/bitsmag.ro\/aff\/shop\/uncategorized\/tv-box-techstar-h96-max-m1-smart-media-player-8k-ram-4gb-rom-64gb-android-13-rk3528-quad-core-arm-cortex-a53-wifi-alb\/"},"modified":"2024-11-09T17:05:08","modified_gmt":"2024-11-09T17:05:08","slug":"tv-box-techstar-h96-max-m1-smart-media-player-8k-ram-4gb-rom-64gb-android-13-rk3528-quad-core-arm-cortex-a53-wifi-alb","status":"publish","type":"product","link":"https:\/\/bitsmag.ro\/aff\/shop\/techstar-ro\/cartuse-cerneala-canon\/tv-box-techstar-h96-max-m1-smart-media-player-8k-ram-4gb-rom-64gb-android-13-rk3528-quad-core-arm-cortex-a53-wifi-alb\/","title":{"rendered":"TV Box Techstar\u00ae H96 MAX M1 Smart Media Player, 8K, RAM 4GB, ROM 64GB, Android 13, RK3528 Quad Core ARM Cortex-A53, WiFi, Alb"},"content":{"rendered":"<p>TV Box Techstar\u00ae H96 MAX M1 Smart Media Player, 8K, RAM 4GB, ROM 64GB, Android 13, RK3528 Quad Core ARM Cortex-A53, WiFi, Alb|TV Box Techstar\u00ae H96 MAX M1 Smart Media Player cu un hard disk intern de 64 GB este un dispozitiv de divertisment de top, conceput pentru a revolu\u021biona experien\u021ba de vizionare a televizorului. Acest dispozitiv de ultim\u0103 or\u0103 vine pre\u00eenc\u0103rcat cu o gam\u0103 de aplica\u021bii interesante care r\u0103spund tuturor nevoilor dvs. de divertisment, f\u0103c\u00e2ndu-l un must-have pentru oricine \u00eei place s\u0103 r\u0103m\u00e2n\u0103 \u00een fruntea ierarhiei. Rul\u00e2nd pe cel mai recent sistem de operare Android (13.0), Techstar\u00ae H96 MAX M1 Smart TV || Techstar.ro <\/p>\n<p>Disponibilitate: In Stoc<\/p>\n","protected":false},"excerpt":{"rendered":"<p>TV Box Techstar\u00ae H96 MAX M1 Smart Media Player cu un hard disk intern de 64 GB este un dispozitiv de divertisment de top, conceput pentru a revolu\u021biona experien\u021ba de vizionare a televizorului. Acest dispozitiv de ultim\u0103 or\u0103 vine pre\u00eenc\u0103rcat cu o gam\u0103 de aplica\u021bii interesante care r\u0103spund tuturor nevoilor dvs. de divertisment, f\u0103c\u00e2ndu-l un must-have pentru oricine \u00eei place s\u0103 r\u0103m\u00e2n\u0103 \u00een fruntea ierarhiei. Rul\u00e2nd pe cel mai recent sistem de operare Android (13.0), Techstar\u00ae H96 MAX M1 Smart TV<a class=\"button\" href=\"https:\/\/bitsmag.ro\/aff\/shop\/techstar-ro\/cartuse-cerneala-canon\/tv-box-techstar-h96-max-m1-smart-media-player-8k-ram-4gb-rom-64gb-android-13-rk3528-quad-core-arm-cortex-a53-wifi-alb\/\" title=\"More\">Read more<\/a><\/p>\n","protected":false},"featured_media":70770,"comment_status":"open","ping_status":"open","template":"","meta":{"_acf_changed":false},"product_brand":[],"product_cat":[13542,175],"product_tag":[],"class_list":{"0":"post-85624","1":"product","2":"type-product","3":"status-publish","4":"has-post-thumbnail","6":"product_cat-cartuse-cerneala-canon","7":"product_cat-techstar-ro","8":"pa_stock-disponibilitate-in-stoc","10":"first","11":"instock","12":"sale","13":"product-type-external"},"acf":[],"_links":{"self":[{"href":"https:\/\/bitsmag.ro\/aff\/wp-json\/wp\/v2\/product\/85624","targetHints":{"allow":["GET"]}}],"collection":[{"href":"https:\/\/bitsmag.ro\/aff\/wp-json\/wp\/v2\/product"}],"about":[{"href":"https:\/\/bitsmag.ro\/aff\/wp-json\/wp\/v2\/types\/product"}],"replies":[{"embeddable":true,"href":"https:\/\/bitsmag.ro\/aff\/wp-json\/wp\/v2\/comments?post=85624"}],"wp:featuredmedia":[{"embeddable":true,"href":"https:\/\/bitsmag.ro\/aff\/wp-json\/wp\/v2\/media\/70770"}],"wp:attachment":[{"href":"https:\/\/bitsmag.ro\/aff\/wp-json\/wp\/v2\/media?parent=85624"}],"wp:term":[{"taxonomy":"product_brand","embeddable":true,"href":"https:\/\/bitsmag.ro\/aff\/wp-json\/wp\/v2\/product_brand?post=85624"},{"taxonomy":"product_cat","embeddable":true,"href":"https:\/\/bitsmag.ro\/aff\/wp-json\/wp\/v2\/product_cat?post=85624"},{"taxonomy":"product_tag","embeddable":true,"href":"https:\/\/bitsmag.ro\/aff\/wp-json\/wp\/v2\/product_tag?post=85624"}],"curies":[{"name":"wp","href":"https:\/\/api.w.org\/{rel}","templated":true}]}}