{"id":85637,"date":"2025-11-24T12:24:12","date_gmt":"2025-11-24T12:24:12","guid":{"rendered":"https:\/\/bitsmag.ro\/aff\/shop\/uncategorized\/adaptor-multifunctional-3-in-1-usb-c-la-hdmi-techstar-cyc3in1-hdmi-4k-1-x-usb-3-0-compatibil-macbook-air-si-macbook-pro-pd-port-gri\/"},"modified":"2025-11-24T12:24:20","modified_gmt":"2025-11-24T12:24:20","slug":"adaptor-multifunctional-3-in-1-usb-c-la-hdmi-techstar-cyc3in1-hdmi-4k-1-x-usb-3-0-compatibil-macbook-air-si-macbook-pro-pd-port-gri","status":"publish","type":"product","link":"https:\/\/bitsmag.ro\/aff\/shop\/techstar-ro\/cartuse-toner-samsung\/adaptor-multifunctional-3-in-1-usb-c-la-hdmi-techstar-cyc3in1-hdmi-4k-1-x-usb-3-0-compatibil-macbook-air-si-macbook-pro-pd-port-gri\/","title":{"rendered":"Adaptor multifunctional 3 in 1 USB-C la HDMI Techstar\u00ae CYC3IN1, HDMI 4K, 1 x USB 3.0, Compatibil MacBook Air si MacBook Pro, PD Port, Gri"},"content":{"rendered":"<p>Adaptor multifunctional 3 in 1 USB-C la HDMI Techstar\u00ae CYC3IN1, HDMI 4K, 1 x USB 3.0, Compatibil MacBook Air si MacBook Pro, PD Port, Gri|Adaptorul 3 In 1 de la Techstar\u00ae CYC3IN1 plug and play, u\u0219or de utilizat. NU este necesar un driver suplimentar. Special conceput pentru laptop USB C cu HDMI, USB 3.0 5 Gbps, 87 W PD \u00cenc\u0103rcare rapid\u0103. Porturi HDMI 4K: Adaptorul HDMI cu transmisie cu rezolu\u021bie de p\u00e2n\u0103 la 4K v\u0103 poate asigura c\u0103 pe monitor, proiector, toate tipurile de ecrane mari v\u0103 bucura\u021bi de o calitate a imaginii extrem de clar\u0103. Pur \u0219i simplu conecta\u021bi un cablu HDMI (2.0 sau mai mare) de la monitor la un adaptor USB, || Techstar.ro <\/p>\n<p>Disponibilitate: In Stoc<\/p>\n","protected":false},"excerpt":{"rendered":"<p>Adaptorul 3 In 1 de la Techstar\u00ae CYC3IN1 plug and play, u\u0219or de utilizat. NU este necesar un driver suplimentar. Special conceput pentru laptop USB C cu HDMI, USB 3.0 5 Gbps, 87 W PD \u00cenc\u0103rcare rapid\u0103. Porturi HDMI 4K: Adaptorul HDMI cu transmisie cu rezolu\u021bie de p\u00e2n\u0103 la 4K v\u0103 poate asigura c\u0103 pe monitor, proiector, toate tipurile de ecrane mari v\u0103 bucura\u021bi de o calitate a imaginii extrem de clar\u0103. Pur \u0219i simplu conecta\u021bi un cablu HDMI (2.0 sau mai mare) de la monitor la un adaptor USB,<a class=\"button\" href=\"https:\/\/bitsmag.ro\/aff\/shop\/techstar-ro\/cartuse-toner-samsung\/adaptor-multifunctional-3-in-1-usb-c-la-hdmi-techstar-cyc3in1-hdmi-4k-1-x-usb-3-0-compatibil-macbook-air-si-macbook-pro-pd-port-gri\/\" title=\"More\">Read more<\/a><\/p>\n","protected":false},"featured_media":70817,"comment_status":"open","ping_status":"open","template":"","meta":{"_acf_changed":false},"product_brand":[],"product_cat":[13604,175],"product_tag":[],"class_list":{"0":"post-85637","1":"product","2":"type-product","3":"status-publish","4":"has-post-thumbnail","6":"product_cat-cartuse-toner-samsung","7":"product_cat-techstar-ro","8":"pa_stock-disponibilitate-in-stoc","10":"first","11":"instock","12":"sale","13":"product-type-external"},"acf":[],"_links":{"self":[{"href":"https:\/\/bitsmag.ro\/aff\/wp-json\/wp\/v2\/product\/85637","targetHints":{"allow":["GET"]}}],"collection":[{"href":"https:\/\/bitsmag.ro\/aff\/wp-json\/wp\/v2\/product"}],"about":[{"href":"https:\/\/bitsmag.ro\/aff\/wp-json\/wp\/v2\/types\/product"}],"replies":[{"embeddable":true,"href":"https:\/\/bitsmag.ro\/aff\/wp-json\/wp\/v2\/comments?post=85637"}],"wp:featuredmedia":[{"embeddable":true,"href":"https:\/\/bitsmag.ro\/aff\/wp-json\/wp\/v2\/media\/70817"}],"wp:attachment":[{"href":"https:\/\/bitsmag.ro\/aff\/wp-json\/wp\/v2\/media?parent=85637"}],"wp:term":[{"taxonomy":"product_brand","embeddable":true,"href":"https:\/\/bitsmag.ro\/aff\/wp-json\/wp\/v2\/product_brand?post=85637"},{"taxonomy":"product_cat","embeddable":true,"href":"https:\/\/bitsmag.ro\/aff\/wp-json\/wp\/v2\/product_cat?post=85637"},{"taxonomy":"product_tag","embeddable":true,"href":"https:\/\/bitsmag.ro\/aff\/wp-json\/wp\/v2\/product_tag?post=85637"}],"curies":[{"name":"wp","href":"https:\/\/api.w.org\/{rel}","templated":true}]}}