{"id":85664,"date":"2025-11-24T12:24:12","date_gmt":"2025-11-24T12:24:12","guid":{"rendered":"https:\/\/bitsmag.ro\/aff\/shop\/uncategorized\/hub-usb-cu-4-porturi-techstar-huba0402-4-x-usb-3-0-transfer-date-de-mare-viteza-5gbps-negru\/"},"modified":"2025-11-24T12:24:23","modified_gmt":"2025-11-24T12:24:23","slug":"hub-usb-cu-4-porturi-techstar-huba0402-4-x-usb-3-0-transfer-date-de-mare-viteza-5gbps-negru","status":"publish","type":"product","link":"https:\/\/bitsmag.ro\/aff\/shop\/techstar-ro\/cartuse-toner-samsung\/hub-usb-cu-4-porturi-techstar-huba0402-4-x-usb-3-0-transfer-date-de-mare-viteza-5gbps-negru\/","title":{"rendered":"Hub USB cu 4 porturi Techstar\u00ae HUBA0402, 4 x USB 3.0, Transfer date de mare viteza 5Gbps, Negru"},"content":{"rendered":"<p>Hub USB cu 4 porturi Techstar\u00ae HUBA0402, 4 x USB 3.0, Transfer date de mare viteza 5Gbps, Negru|Hub-ul USB cu 4 porturi de la Techstar\u00ae HUBA0401 este fabricat din aluminiu de \u00eenalt\u0103 calitate, ceea ce \u00eel face robust \u0219i bun pentru disiparea c\u0103ldurii. Ideal pentru acas\u0103, birou \u0219i c\u0103l\u0103torii de afaceri. USB3.0 teoretic v\u0103 poate oferi o vitez\u0103 de transmisie de mare vitez\u0103 de p\u00e2n\u0103 la 5 Gbps, transfera\u021bi videoclipuri, fotografii \u0219i fi\u0219iere masive \u00een doar c\u00e2teva secunde. Va \u00eembun\u0103t\u0103\u021bi considerabil eficien\u021ba muncii. V\u0103 permite s\u0103 conecta\u021bi o unitate flash, mouse, tastaturi, camer\u0103 web \u0219i mai multe || Techstar.ro <\/p>\n<p>Disponibilitate: In Stoc<\/p>\n","protected":false},"excerpt":{"rendered":"<p>Hub-ul USB cu 4 porturi de la Techstar\u00ae HUBA0401 este fabricat din aluminiu de \u00eenalt\u0103 calitate, ceea ce \u00eel face robust \u0219i bun pentru disiparea c\u0103ldurii. Ideal pentru acas\u0103, birou \u0219i c\u0103l\u0103torii de afaceri. USB3.0 teoretic v\u0103 poate oferi o vitez\u0103 de transmisie de mare vitez\u0103 de p\u00e2n\u0103 la 5 Gbps, transfera\u021bi videoclipuri, fotografii \u0219i fi\u0219iere masive \u00een doar c\u00e2teva secunde. Va \u00eembun\u0103t\u0103\u021bi considerabil eficien\u021ba muncii. V\u0103 permite s\u0103 conecta\u021bi o unitate flash, mouse, tastaturi, camer\u0103 web \u0219i mai multe<a class=\"button\" href=\"https:\/\/bitsmag.ro\/aff\/shop\/techstar-ro\/cartuse-toner-samsung\/hub-usb-cu-4-porturi-techstar-huba0402-4-x-usb-3-0-transfer-date-de-mare-viteza-5gbps-negru\/\" title=\"More\">Read more<\/a><\/p>\n","protected":false},"featured_media":70918,"comment_status":"open","ping_status":"open","template":"","meta":{"_acf_changed":false},"product_brand":[],"product_cat":[13604,175],"product_tag":[],"class_list":{"0":"post-85664","1":"product","2":"type-product","3":"status-publish","4":"has-post-thumbnail","6":"product_cat-cartuse-toner-samsung","7":"product_cat-techstar-ro","8":"pa_stock-disponibilitate-in-stoc","10":"first","11":"instock","12":"sale","13":"product-type-external"},"acf":[],"_links":{"self":[{"href":"https:\/\/bitsmag.ro\/aff\/wp-json\/wp\/v2\/product\/85664","targetHints":{"allow":["GET"]}}],"collection":[{"href":"https:\/\/bitsmag.ro\/aff\/wp-json\/wp\/v2\/product"}],"about":[{"href":"https:\/\/bitsmag.ro\/aff\/wp-json\/wp\/v2\/types\/product"}],"replies":[{"embeddable":true,"href":"https:\/\/bitsmag.ro\/aff\/wp-json\/wp\/v2\/comments?post=85664"}],"wp:featuredmedia":[{"embeddable":true,"href":"https:\/\/bitsmag.ro\/aff\/wp-json\/wp\/v2\/media\/70918"}],"wp:attachment":[{"href":"https:\/\/bitsmag.ro\/aff\/wp-json\/wp\/v2\/media?parent=85664"}],"wp:term":[{"taxonomy":"product_brand","embeddable":true,"href":"https:\/\/bitsmag.ro\/aff\/wp-json\/wp\/v2\/product_brand?post=85664"},{"taxonomy":"product_cat","embeddable":true,"href":"https:\/\/bitsmag.ro\/aff\/wp-json\/wp\/v2\/product_cat?post=85664"},{"taxonomy":"product_tag","embeddable":true,"href":"https:\/\/bitsmag.ro\/aff\/wp-json\/wp\/v2\/product_tag?post=85664"}],"curies":[{"name":"wp","href":"https:\/\/api.w.org\/{rel}","templated":true}]}}