{"id":85685,"date":"2025-11-24T12:24:37","date_gmt":"2025-11-24T12:24:37","guid":{"rendered":"https:\/\/bitsmag.ro\/aff\/shop\/uncategorized\/bara-proiectoare-led-auto-offroad-techstar-pnb1-36w-12v-24v-6000-k-3500-lumeni-ip-67-17-cm-flood-beam-60-cu-leduri-cree-xbd-negru\/"},"modified":"2025-11-24T12:24:39","modified_gmt":"2025-11-24T12:24:39","slug":"bara-proiectoare-led-auto-offroad-techstar-pnb1-36w-12v-24v-6000-k-3500-lumeni-ip-67-17-cm-flood-beam-60-cu-leduri-cree-xbd-negru","status":"publish","type":"product","link":"https:\/\/bitsmag.ro\/aff\/shop\/techstar-ro\/bare-si-proiectoare-auto-led\/bara-proiectoare-led-auto-offroad-techstar-pnb1-36w-12v-24v-6000-k-3500-lumeni-ip-67-17-cm-flood-beam-60-cu-leduri-cree-xbd-negru\/","title":{"rendered":"Bara Proiectoare LED Auto Offroad Techstar\u00ae PNB1, 36W, 12V-24V, 6000 K, 3500 Lumeni, IP 67, 17 Cm, Flood Beam 60\u00b0 Cu Leduri CREE XBD, Negru"},"content":{"rendered":"<p>Bara Proiectoare LED Auto Offroad Techstar\u00ae PNB1, 36W, 12V-24V, 6000 K, 3500 Lumeni, IP 67, 17 Cm, Flood Beam 60\u00b0 Cu Leduri CREE XBD, Negru|Proiectorul LED auto pentru Off Road de la Techstar\u00ae PNB1 poate fi utilizat intr-o gama larga: Cu excep\u021bia iluminatului vehiculelor de teren, acesta poate fi aplicat \u0219i la manipularea materialelor, iluminatul ma\u0219inilor agricole, iluminatul cu LED-uri marin \u0219i luminile LED de urgen\u021b\u0103 \u0219i salvare, cum ar fi: Vehicule off-road: UTV, \u0219enilat\u0103 de nisip, buggy, ATV, SUV, camion, tren, motociclet\u0103, autobuz, rezervor etc. Vehicule de inginerie: excavator, t\u0103v\u0103lug, buldozer, macara, stivuitor \u0219i || Techstar.ro <\/p>\n<p>Disponibilitate: In Stoc<\/p>\n","protected":false},"excerpt":{"rendered":"<p>Proiectorul LED auto pentru Off Road de la Techstar\u00ae PNB1 poate fi utilizat intr-o gama larga: Cu excep\u021bia iluminatului vehiculelor de teren, acesta poate fi aplicat \u0219i la manipularea materialelor, iluminatul ma\u0219inilor agricole, iluminatul cu LED-uri marin \u0219i luminile LED de urgen\u021b\u0103 \u0219i salvare, cum ar fi: Vehicule off-road: UTV, \u0219enilat\u0103 de nisip, buggy, ATV, SUV, camion, tren, motociclet\u0103, autobuz, rezervor etc. Vehicule de inginerie: excavator, t\u0103v\u0103lug, buldozer, macara, stivuitor \u0219i<a class=\"button\" href=\"https:\/\/bitsmag.ro\/aff\/shop\/techstar-ro\/bare-si-proiectoare-auto-led\/bara-proiectoare-led-auto-offroad-techstar-pnb1-36w-12v-24v-6000-k-3500-lumeni-ip-67-17-cm-flood-beam-60-cu-leduri-cree-xbd-negru\/\" title=\"More\">Read more<\/a><\/p>\n","protected":false},"featured_media":70991,"comment_status":"open","ping_status":"open","template":"","meta":{"_acf_changed":false},"product_brand":[],"product_cat":[13561,175],"product_tag":[],"class_list":{"0":"post-85685","1":"product","2":"type-product","3":"status-publish","4":"has-post-thumbnail","6":"product_cat-bare-si-proiectoare-auto-led","7":"product_cat-techstar-ro","8":"pa_stock-disponibilitate-in-stoc","10":"first","11":"instock","12":"sale","13":"product-type-external"},"acf":[],"_links":{"self":[{"href":"https:\/\/bitsmag.ro\/aff\/wp-json\/wp\/v2\/product\/85685","targetHints":{"allow":["GET"]}}],"collection":[{"href":"https:\/\/bitsmag.ro\/aff\/wp-json\/wp\/v2\/product"}],"about":[{"href":"https:\/\/bitsmag.ro\/aff\/wp-json\/wp\/v2\/types\/product"}],"replies":[{"embeddable":true,"href":"https:\/\/bitsmag.ro\/aff\/wp-json\/wp\/v2\/comments?post=85685"}],"wp:featuredmedia":[{"embeddable":true,"href":"https:\/\/bitsmag.ro\/aff\/wp-json\/wp\/v2\/media\/70991"}],"wp:attachment":[{"href":"https:\/\/bitsmag.ro\/aff\/wp-json\/wp\/v2\/media?parent=85685"}],"wp:term":[{"taxonomy":"product_brand","embeddable":true,"href":"https:\/\/bitsmag.ro\/aff\/wp-json\/wp\/v2\/product_brand?post=85685"},{"taxonomy":"product_cat","embeddable":true,"href":"https:\/\/bitsmag.ro\/aff\/wp-json\/wp\/v2\/product_cat?post=85685"},{"taxonomy":"product_tag","embeddable":true,"href":"https:\/\/bitsmag.ro\/aff\/wp-json\/wp\/v2\/product_tag?post=85685"}],"curies":[{"name":"wp","href":"https:\/\/api.w.org\/{rel}","templated":true}]}}