{"id":85732,"date":"2024-12-13T19:05:59","date_gmt":"2024-12-13T19:05:59","guid":{"rendered":"https:\/\/bitsmag.ro\/aff\/shop\/uncategorized\/ceas-smartwatch-2-in1-techstar-n8-cu-casti-wireless-ecran-tactil-de-096-inch-bluetooth-mp3-waterproof-apelare-oxigen-din-sange-calori-ritm-cardiac-monitorizare-somn-compatibil-cu-ipho\/"},"modified":"2024-12-13T19:06:04","modified_gmt":"2024-12-13T19:06:04","slug":"ceas-smartwatch-2-in1-techstar-n8-cu-casti-wireless-ecran-tactil-de-096-inch-bluetooth-mp3-waterproof-apelare-oxigen-din-sange-calori-ritm-cardiac-monitorizare-somn-compatibil-cu-ipho","status":"publish","type":"product","link":"https:\/\/bitsmag.ro\/aff\/shop\/techstar-ro\/aplice-si-plafoniere\/ceas-smartwatch-2-in1-techstar-n8-cu-casti-wireless-ecran-tactil-de-096-inch-bluetooth-mp3-waterproof-apelare-oxigen-din-sange-calori-ritm-cardiac-monitorizare-somn-compatibil-cu-ipho\/","title":{"rendered":"Ceas Smartwatch 2 in1 Techstar\u00ae N8 cu Casti Wireless, Ecran tactil de 0,96 inch, Bluetooth, MP3, Waterproof, Apelare, Oxigen din sange, Calori, Ritm cardiac, Monitorizare somn, compatibil cu iPhone si Android, Alb"},"content":{"rendered":"<p>Ceas Smartwatch 2 in1 Techstar\u00ae N8 cu Casti Wireless, Ecran tactil de 0,96 inch, Bluetooth, MP3, Waterproof, Apelare, Oxigen din sange, Calori, Ritm cardiac, Monitorizare somn, compatibil cu iPhone si Android, Alb|Ceasul Smartwatch 2 in1 Techstar\u00ae N8 cu Casti Wireless \u00eel pute\u021bi folosi ca monitor de s\u0103n\u0103tate, care poate monitoriza consumul de calorii, ritmul cardiac, tensiunea arterial\u0103, \u00eenregistrarea sportului, gestionarea somnului \u0219i a\u0219a mai departe. Accept\u0103 o mul\u021bime de func\u021bii, cum ar fi ceasul cu alarm\u0103 inteligent, afi\u0219area orei, realizarea de fotografii, memento sedentar, memento SMS etc. Cu un ecran tactil HD de 0,96 inchi , v\u0103 poate oferi mult confort \u0219i un efect vizual mai bun. Este fabricat || Techstar.ro <\/p>\n<p>Disponibilitate: In Stoc<\/p>\n","protected":false},"excerpt":{"rendered":"<p>Ceasul Smartwatch 2 in1 Techstar\u00ae N8 cu Casti Wireless \u00eel pute\u021bi folosi ca monitor de s\u0103n\u0103tate, care poate monitoriza consumul de calorii, ritmul cardiac, tensiunea arterial\u0103, \u00eenregistrarea sportului, gestionarea somnului \u0219i a\u0219a mai departe. Accept\u0103 o mul\u021bime de func\u021bii, cum ar fi ceasul cu alarm\u0103 inteligent, afi\u0219area orei, realizarea de fotografii, memento sedentar, memento SMS etc. Cu un ecran tactil HD de 0,96 inchi , v\u0103 poate oferi mult confort \u0219i un efect vizual mai bun. Este fabricat<a class=\"button\" href=\"https:\/\/bitsmag.ro\/aff\/shop\/techstar-ro\/aplice-si-plafoniere\/ceas-smartwatch-2-in1-techstar-n8-cu-casti-wireless-ecran-tactil-de-096-inch-bluetooth-mp3-waterproof-apelare-oxigen-din-sange-calori-ritm-cardiac-monitorizare-somn-compatibil-cu-ipho\/\" title=\"More\">Read more<\/a><\/p>\n","protected":false},"featured_media":71185,"comment_status":"open","ping_status":"open","template":"","meta":{"_acf_changed":false},"product_brand":[],"product_cat":[13535,175],"product_tag":[],"class_list":{"0":"post-85732","1":"product","2":"type-product","3":"status-publish","4":"has-post-thumbnail","6":"product_cat-aplice-si-plafoniere","7":"product_cat-techstar-ro","8":"pa_stock-disponibilitate-in-stoc","10":"first","11":"instock","12":"sale","13":"product-type-external"},"acf":[],"_links":{"self":[{"href":"https:\/\/bitsmag.ro\/aff\/wp-json\/wp\/v2\/product\/85732","targetHints":{"allow":["GET"]}}],"collection":[{"href":"https:\/\/bitsmag.ro\/aff\/wp-json\/wp\/v2\/product"}],"about":[{"href":"https:\/\/bitsmag.ro\/aff\/wp-json\/wp\/v2\/types\/product"}],"replies":[{"embeddable":true,"href":"https:\/\/bitsmag.ro\/aff\/wp-json\/wp\/v2\/comments?post=85732"}],"wp:featuredmedia":[{"embeddable":true,"href":"https:\/\/bitsmag.ro\/aff\/wp-json\/wp\/v2\/media\/71185"}],"wp:attachment":[{"href":"https:\/\/bitsmag.ro\/aff\/wp-json\/wp\/v2\/media?parent=85732"}],"wp:term":[{"taxonomy":"product_brand","embeddable":true,"href":"https:\/\/bitsmag.ro\/aff\/wp-json\/wp\/v2\/product_brand?post=85732"},{"taxonomy":"product_cat","embeddable":true,"href":"https:\/\/bitsmag.ro\/aff\/wp-json\/wp\/v2\/product_cat?post=85732"},{"taxonomy":"product_tag","embeddable":true,"href":"https:\/\/bitsmag.ro\/aff\/wp-json\/wp\/v2\/product_tag?post=85732"}],"curies":[{"name":"wp","href":"https:\/\/api.w.org\/{rel}","templated":true}]}}