{"id":85748,"date":"2025-08-01T13:01:09","date_gmt":"2025-08-01T13:01:09","guid":{"rendered":"https:\/\/bitsmag.ro\/aff\/shop\/uncategorized\/sistem-multimedia-techstar-apple-carplay-android-ecran-tactil-7-inch-1080p-full-hd-bluetooth-mirror-link-card-tf-usb-aux-negru\/"},"modified":"2025-08-01T13:01:14","modified_gmt":"2025-08-01T13:01:14","slug":"sistem-multimedia-techstar-apple-carplay-android-ecran-tactil-7-inch-1080p-full-hd-bluetooth-mirror-link-card-tf-usb-aux-negru","status":"publish","type":"product","link":"https:\/\/bitsmag.ro\/aff\/shop\/techstar-ro\/media-player-auto-carplay-si-android-auto\/sistem-multimedia-techstar-apple-carplay-android-ecran-tactil-7-inch-1080p-full-hd-bluetooth-mirror-link-card-tf-usb-aux-negru\/","title":{"rendered":"Sistem Multimedia Techstar\u00ae Apple Carplay\/Android, Ecran tactil, 7 inch 1080P Full HD, Bluetooth, Mirror Link\/card TF\/USB\/AUX, Negru"},"content":{"rendered":"<p>Sistem Multimedia Techstar\u00ae Apple Carplay\/Android, Ecran tactil, 7 inch 1080P Full HD, Bluetooth, Mirror Link\/card TF\/USB\/AUX, Negru|Sistemul Multimedia Techstar\u00ae Apple Carplay\/Android pentru ma\u0219in\u0103 , vine echipat cu un ecran tactil capacitiv de \u00eenalt\u0103 defini\u021bie de 7 inchi, accept\u0103 redarea video 1080. Cu cel mai recent cip inteligent, atingerea va fi mai sensibil\u0103 \u0219i mai precis\u0103, rularea va fi mai stabil\u0103 \u0219i mai lin\u0103. Ecranul tactil mare clar v\u0103 ofer\u0103 control intuitiv asupra muzicii \u0219i func\u021biilor smartphone-ului. Control u\u0219or \u0219i experien\u021b\u0103 vizual\u0103 minunat\u0103. Wirelsee Apple Carplay\/Android Auto: Acest stereo auto accept\u0103 || Techstar.ro <\/p>\n<p>Disponibilitate: In Stoc<\/p>\n","protected":false},"excerpt":{"rendered":"<p>Sistemul Multimedia Techstar\u00ae Apple Carplay\/Android pentru ma\u0219in\u0103 , vine echipat cu un ecran tactil capacitiv de \u00eenalt\u0103 defini\u021bie de 7 inchi, accept\u0103 redarea video 1080. Cu cel mai recent cip inteligent, atingerea va fi mai sensibil\u0103 \u0219i mai precis\u0103, rularea va fi mai stabil\u0103 \u0219i mai lin\u0103. Ecranul tactil mare clar v\u0103 ofer\u0103 control intuitiv asupra muzicii \u0219i func\u021biilor smartphone-ului. Control u\u0219or \u0219i experien\u021b\u0103 vizual\u0103 minunat\u0103. Wirelsee Apple Carplay\/Android Auto: Acest stereo auto accept\u0103<a class=\"button\" href=\"https:\/\/bitsmag.ro\/aff\/shop\/techstar-ro\/media-player-auto-carplay-si-android-auto\/sistem-multimedia-techstar-apple-carplay-android-ecran-tactil-7-inch-1080p-full-hd-bluetooth-mirror-link-card-tf-usb-aux-negru\/\" title=\"More\">Read more<\/a><\/p>\n","protected":false},"featured_media":71242,"comment_status":"open","ping_status":"open","template":"","meta":{"_acf_changed":false},"product_brand":[],"product_cat":[13562,175],"product_tag":[],"class_list":{"0":"post-85748","1":"product","2":"type-product","3":"status-publish","4":"has-post-thumbnail","6":"product_cat-media-player-auto-carplay-si-android-auto","7":"product_cat-techstar-ro","8":"pa_stock-disponibilitate-in-stoc","10":"first","11":"instock","12":"sale","13":"product-type-external"},"acf":[],"_links":{"self":[{"href":"https:\/\/bitsmag.ro\/aff\/wp-json\/wp\/v2\/product\/85748","targetHints":{"allow":["GET"]}}],"collection":[{"href":"https:\/\/bitsmag.ro\/aff\/wp-json\/wp\/v2\/product"}],"about":[{"href":"https:\/\/bitsmag.ro\/aff\/wp-json\/wp\/v2\/types\/product"}],"replies":[{"embeddable":true,"href":"https:\/\/bitsmag.ro\/aff\/wp-json\/wp\/v2\/comments?post=85748"}],"wp:featuredmedia":[{"embeddable":true,"href":"https:\/\/bitsmag.ro\/aff\/wp-json\/wp\/v2\/media\/71242"}],"wp:attachment":[{"href":"https:\/\/bitsmag.ro\/aff\/wp-json\/wp\/v2\/media?parent=85748"}],"wp:term":[{"taxonomy":"product_brand","embeddable":true,"href":"https:\/\/bitsmag.ro\/aff\/wp-json\/wp\/v2\/product_brand?post=85748"},{"taxonomy":"product_cat","embeddable":true,"href":"https:\/\/bitsmag.ro\/aff\/wp-json\/wp\/v2\/product_cat?post=85748"},{"taxonomy":"product_tag","embeddable":true,"href":"https:\/\/bitsmag.ro\/aff\/wp-json\/wp\/v2\/product_tag?post=85748"}],"curies":[{"name":"wp","href":"https:\/\/api.w.org\/{rel}","templated":true}]}}