{"id":86098,"date":"2024-12-13T19:09:25","date_gmt":"2024-12-13T19:09:25","guid":{"rendered":"https:\/\/bitsmag.ro\/aff\/shop\/uncategorized\/camera-supraveghere-techstar-rl-80-720p-hd-microsd-cloud-wifi-detectarea-miscarii-night-vision-infrarosu\/"},"modified":"2024-12-13T19:09:27","modified_gmt":"2024-12-13T19:09:27","slug":"camera-supraveghere-techstar-rl-80-720p-hd-microsd-cloud-wifi-detectarea-miscarii-night-vision-infrarosu","status":"publish","type":"product","link":"https:\/\/bitsmag.ro\/aff\/shop\/techstar-ro\/accesorii-gsm\/camera-supraveghere-techstar-rl-80-720p-hd-microsd-cloud-wifi-detectarea-miscarii-night-vision-infrarosu\/","title":{"rendered":"Camera supraveghere Techstar\u00ae RL-80 720P HD, MicroSD + Cloud, WiFi, Detectarea miscarii, Night Vision Infrarosu"},"content":{"rendered":"<p>Camera supraveghere Techstar\u00ae RL-80 720P HD, MicroSD + Cloud, WiFi, Detectarea miscarii, Night Vision Infrarosu|Caracteristici: Este o camer\u0103 de supraveghere Wi-Fi care ofer\u0103 avantajul de a putea transmite fluxul video \u00een direct, oriunde \u00eel ave\u021bi configurat pentru monitorizare \u00een timp real 24\/7. Primi\u021bi toate alertele video \u0219i notific\u0103ri \u00een mod convenabil pe smartphoneul cu care camera este asociat\u0103. Camera de supraveghere la domiciliu este capabil s\u0103-\u0219i roteasc\u0103 corpul 355 \u00b0 pe axa x \u0219i 90 \u00b0 pe axa y. Datorit\u0103 acestei func\u021bii, aproape \u00eentreaga camer\u0103 va fi monitorizat\u0103 \u00een mod eficient \u00een || Techstar.ro <\/p>\n<p>Disponibilitate: In Stoc<\/p>\n","protected":false},"excerpt":{"rendered":"<p>Caracteristici: Este o camer\u0103 de supraveghere Wi-Fi care ofer\u0103 avantajul de a putea transmite fluxul video \u00een direct, oriunde \u00eel ave\u021bi configurat pentru monitorizare \u00een timp real 24\/7. Primi\u021bi toate alertele video \u0219i notific\u0103ri \u00een mod convenabil pe smartphoneul cu care camera este asociat\u0103. Camera de supraveghere la domiciliu este capabil s\u0103-\u0219i roteasc\u0103 corpul 355 \u00b0 pe axa x \u0219i 90 \u00b0 pe axa y. Datorit\u0103 acestei func\u021bii, aproape \u00eentreaga camer\u0103 va fi monitorizat\u0103 \u00een mod eficient \u00een<a class=\"button\" href=\"https:\/\/bitsmag.ro\/aff\/shop\/techstar-ro\/accesorii-gsm\/camera-supraveghere-techstar-rl-80-720p-hd-microsd-cloud-wifi-detectarea-miscarii-night-vision-infrarosu\/\" title=\"More\">Read more<\/a><\/p>\n","protected":false},"featured_media":72013,"comment_status":"open","ping_status":"open","template":"","meta":{"_acf_changed":false},"product_brand":[],"product_cat":[13594,175],"product_tag":[],"class_list":{"0":"post-86098","1":"product","2":"type-product","3":"status-publish","4":"has-post-thumbnail","6":"product_cat-accesorii-gsm","7":"product_cat-techstar-ro","8":"pa_stock-disponibilitate-in-stoc","10":"first","11":"instock","12":"sale","13":"product-type-external"},"acf":[],"_links":{"self":[{"href":"https:\/\/bitsmag.ro\/aff\/wp-json\/wp\/v2\/product\/86098","targetHints":{"allow":["GET"]}}],"collection":[{"href":"https:\/\/bitsmag.ro\/aff\/wp-json\/wp\/v2\/product"}],"about":[{"href":"https:\/\/bitsmag.ro\/aff\/wp-json\/wp\/v2\/types\/product"}],"replies":[{"embeddable":true,"href":"https:\/\/bitsmag.ro\/aff\/wp-json\/wp\/v2\/comments?post=86098"}],"wp:featuredmedia":[{"embeddable":true,"href":"https:\/\/bitsmag.ro\/aff\/wp-json\/wp\/v2\/media\/72013"}],"wp:attachment":[{"href":"https:\/\/bitsmag.ro\/aff\/wp-json\/wp\/v2\/media?parent=86098"}],"wp:term":[{"taxonomy":"product_brand","embeddable":true,"href":"https:\/\/bitsmag.ro\/aff\/wp-json\/wp\/v2\/product_brand?post=86098"},{"taxonomy":"product_cat","embeddable":true,"href":"https:\/\/bitsmag.ro\/aff\/wp-json\/wp\/v2\/product_cat?post=86098"},{"taxonomy":"product_tag","embeddable":true,"href":"https:\/\/bitsmag.ro\/aff\/wp-json\/wp\/v2\/product_tag?post=86098"}],"curies":[{"name":"wp","href":"https:\/\/api.w.org\/{rel}","templated":true}]}}