{"id":86145,"date":"2024-10-29T17:15:45","date_gmt":"2024-10-29T17:15:45","guid":{"rendered":"https:\/\/bitsmag.ro\/aff\/shop\/uncategorized\/camera-video-auto-premium-tip-oglinda-techstar-l606-dubla-fullhd-touchscreen-10-12mpx-unghi-170-mod-parking-g-sensor\/"},"modified":"2024-10-29T17:15:50","modified_gmt":"2024-10-29T17:15:50","slug":"camera-video-auto-premium-tip-oglinda-techstar-l606-dubla-fullhd-touchscreen-10-12mpx-unghi-170-mod-parking-g-sensor","status":"publish","type":"product","link":"https:\/\/bitsmag.ro\/aff\/shop\/techstar-ro\/panouri-led\/camera-video-auto-premium-tip-oglinda-techstar-l606-dubla-fullhd-touchscreen-10-12mpx-unghi-170-mod-parking-g-sensor\/","title":{"rendered":"Camera Video Auto Premium Tip Oglinda Techstar\u00ae L606 Dubla FullHD, TouchScreen 10&#8221;, 12MPx, Unghi 170\u00b0, Mod Parking, G Sensor"},"content":{"rendered":"<p>Camera Video Auto Premium Tip Oglinda Techstar\u00ae L606 Dubla FullHD, TouchScreen 10&#8221;, 12MPx, Unghi 170\u00b0, Mod Parking, G Sensor|Ecran Tactil Larg de 10 inch Diagonala! Folosind ecranul tactil de 10 &#8220;IPS, este mult mai u\u0219or s\u0103 naviga\u021bi \u0219i s\u0103 seta\u021bi meniul multifunc\u021bional. Oglinda este Heliomata cu albastru, aceast\u0103 caracteristic\u0103 \u00eembun\u0103t\u0103\u021be\u0219te considerabil conducerea pe timp de noapte. Camera de parcare: Camera de pe spate detine un unghi impresionant de 170 \u00b0 ce v\u0103 va oferi o imagine perfect clar\u0103, de \u00eenalt\u0103 defini\u021bie, pentru rezultate perfecte. Camera detine un sistem de mers \u00eenapoi premium cu linii || Techstar.ro <\/p>\n<p>Disponibilitate: In Stoc<\/p>\n","protected":false},"excerpt":{"rendered":"<p>Ecran Tactil Larg de 10 inch Diagonala! Folosind ecranul tactil de 10 &#8220;IPS, este mult mai u\u0219or s\u0103 naviga\u021bi \u0219i s\u0103 seta\u021bi meniul multifunc\u021bional. Oglinda este Heliomata cu albastru, aceast\u0103 caracteristic\u0103 \u00eembun\u0103t\u0103\u021be\u0219te considerabil conducerea pe timp de noapte. Camera de parcare: Camera de pe spate detine un unghi impresionant de 170 \u00b0 ce v\u0103 va oferi o imagine perfect clar\u0103, de \u00eenalt\u0103 defini\u021bie, pentru rezultate perfecte. Camera detine un sistem de mers \u00eenapoi premium cu linii<a class=\"button\" href=\"https:\/\/bitsmag.ro\/aff\/shop\/techstar-ro\/panouri-led\/camera-video-auto-premium-tip-oglinda-techstar-l606-dubla-fullhd-touchscreen-10-12mpx-unghi-170-mod-parking-g-sensor\/\" title=\"More\">Read more<\/a><\/p>\n","protected":false},"featured_media":86146,"comment_status":"open","ping_status":"open","template":"","meta":{"_acf_changed":false},"product_brand":[],"product_cat":[13551,175],"product_tag":[],"class_list":{"0":"post-86145","1":"product","2":"type-product","3":"status-publish","4":"has-post-thumbnail","6":"product_cat-panouri-led","7":"product_cat-techstar-ro","8":"pa_stock-disponibilitate-in-stoc","10":"first","11":"instock","12":"product-type-external"},"acf":[],"_links":{"self":[{"href":"https:\/\/bitsmag.ro\/aff\/wp-json\/wp\/v2\/product\/86145","targetHints":{"allow":["GET"]}}],"collection":[{"href":"https:\/\/bitsmag.ro\/aff\/wp-json\/wp\/v2\/product"}],"about":[{"href":"https:\/\/bitsmag.ro\/aff\/wp-json\/wp\/v2\/types\/product"}],"replies":[{"embeddable":true,"href":"https:\/\/bitsmag.ro\/aff\/wp-json\/wp\/v2\/comments?post=86145"}],"wp:featuredmedia":[{"embeddable":true,"href":"https:\/\/bitsmag.ro\/aff\/wp-json\/wp\/v2\/media\/86146"}],"wp:attachment":[{"href":"https:\/\/bitsmag.ro\/aff\/wp-json\/wp\/v2\/media?parent=86145"}],"wp:term":[{"taxonomy":"product_brand","embeddable":true,"href":"https:\/\/bitsmag.ro\/aff\/wp-json\/wp\/v2\/product_brand?post=86145"},{"taxonomy":"product_cat","embeddable":true,"href":"https:\/\/bitsmag.ro\/aff\/wp-json\/wp\/v2\/product_cat?post=86145"},{"taxonomy":"product_tag","embeddable":true,"href":"https:\/\/bitsmag.ro\/aff\/wp-json\/wp\/v2\/product_tag?post=86145"}],"curies":[{"name":"wp","href":"https:\/\/api.w.org\/{rel}","templated":true}]}}