{"id":86159,"date":"2025-11-24T12:27:20","date_gmt":"2025-11-24T12:27:20","guid":{"rendered":"https:\/\/bitsmag.ro\/aff\/shop\/uncategorized\/receptor-techstar-bluetooth-audio-jack-3-5mm-wireless-auto-clip-on-bt2\/"},"modified":"2025-11-24T12:27:23","modified_gmt":"2025-11-24T12:27:23","slug":"receptor-techstar-bluetooth-audio-jack-3-5mm-wireless-auto-clip-on-bt2","status":"publish","type":"product","link":"https:\/\/bitsmag.ro\/aff\/shop\/techstar-ro\/masini-de-cusut\/receptor-techstar-bluetooth-audio-jack-3-5mm-wireless-auto-clip-on-bt2\/","title":{"rendered":"Receptor Techstar\u00ae Bluetooth Audio Jack 3.5mm Wireless Auto Clip On BT2"},"content":{"rendered":"<p>Receptor Techstar\u00ae Bluetooth Audio Jack 3.5mm Wireless Auto Clip On BT2|Pute\u021bi reda muzic\u0103 \u00een ma\u0219in\u0103 prin radio, \u00een camera de zi, prin intermediul stereo-ului sau prin c\u0103\u0219ti, indiferent dac\u0103 v\u0103 deplasa\u021bi, \u00een timp ce face\u021bi jogging sau \u00een sala de gimnastic\u0103. Gata de utilizat in cativa pasi simpli : Conecta\u021bi adaptorul la dispozitivul de redare dorit \u0219i porni\u021bi-l. conecta\u021bi prin Bluetooth aparatul dorit Adaptorul poate fi operat prin intermediul a 3 butoane: Cre\u0219te\u021bi volumul (ap\u0103sa\u021bi scurt) | melodia || Techstar.ro <\/p>\n<p>Disponibilitate: In Stoc<\/p>\n","protected":false},"excerpt":{"rendered":"<p>Pute\u021bi reda muzic\u0103 \u00een ma\u0219in\u0103 prin radio, \u00een camera de zi, prin intermediul stereo-ului sau prin c\u0103\u0219ti, indiferent dac\u0103 v\u0103 deplasa\u021bi, \u00een timp ce face\u021bi jogging sau \u00een sala de gimnastic\u0103. Gata de utilizat in cativa pasi simpli : Conecta\u021bi adaptorul la dispozitivul de redare dorit \u0219i porni\u021bi-l. conecta\u021bi prin Bluetooth aparatul dorit Adaptorul poate fi operat prin intermediul a 3 butoane: Cre\u0219te\u021bi volumul (ap\u0103sa\u021bi scurt) | melodia<a class=\"button\" href=\"https:\/\/bitsmag.ro\/aff\/shop\/techstar-ro\/masini-de-cusut\/receptor-techstar-bluetooth-audio-jack-3-5mm-wireless-auto-clip-on-bt2\/\" title=\"More\">Read more<\/a><\/p>\n","protected":false},"featured_media":72131,"comment_status":"open","ping_status":"open","template":"","meta":{"_acf_changed":false},"product_brand":[],"product_cat":[13582,175],"product_tag":[],"class_list":{"0":"post-86159","1":"product","2":"type-product","3":"status-publish","4":"has-post-thumbnail","6":"product_cat-masini-de-cusut","7":"product_cat-techstar-ro","8":"pa_stock-disponibilitate-in-stoc","10":"first","11":"instock","12":"sale","13":"product-type-external"},"acf":[],"_links":{"self":[{"href":"https:\/\/bitsmag.ro\/aff\/wp-json\/wp\/v2\/product\/86159","targetHints":{"allow":["GET"]}}],"collection":[{"href":"https:\/\/bitsmag.ro\/aff\/wp-json\/wp\/v2\/product"}],"about":[{"href":"https:\/\/bitsmag.ro\/aff\/wp-json\/wp\/v2\/types\/product"}],"replies":[{"embeddable":true,"href":"https:\/\/bitsmag.ro\/aff\/wp-json\/wp\/v2\/comments?post=86159"}],"wp:featuredmedia":[{"embeddable":true,"href":"https:\/\/bitsmag.ro\/aff\/wp-json\/wp\/v2\/media\/72131"}],"wp:attachment":[{"href":"https:\/\/bitsmag.ro\/aff\/wp-json\/wp\/v2\/media?parent=86159"}],"wp:term":[{"taxonomy":"product_brand","embeddable":true,"href":"https:\/\/bitsmag.ro\/aff\/wp-json\/wp\/v2\/product_brand?post=86159"},{"taxonomy":"product_cat","embeddable":true,"href":"https:\/\/bitsmag.ro\/aff\/wp-json\/wp\/v2\/product_cat?post=86159"},{"taxonomy":"product_tag","embeddable":true,"href":"https:\/\/bitsmag.ro\/aff\/wp-json\/wp\/v2\/product_tag?post=86159"}],"curies":[{"name":"wp","href":"https:\/\/api.w.org\/{rel}","templated":true}]}}