{"id":86172,"date":"2024-12-13T19:10:07","date_gmt":"2024-12-13T19:10:07","guid":{"rendered":"https:\/\/bitsmag.ro\/aff\/shop\/uncategorized\/smartwatch-bluetooth-dz09-mtk-compatibil-sim-si-microsd-cu-camera-auriu\/"},"modified":"2024-12-13T19:10:09","modified_gmt":"2024-12-13T19:10:09","slug":"smartwatch-bluetooth-dz09-mtk-compatibil-sim-si-microsd-cu-camera-auriu","status":"publish","type":"product","link":"https:\/\/bitsmag.ro\/aff\/shop\/techstar-ro\/aplice-si-plafoniere\/smartwatch-bluetooth-dz09-mtk-compatibil-sim-si-microsd-cu-camera-auriu\/","title":{"rendered":"Smartwatch Bluetooth DZ09 MTK Compatibil SIM si MicroSD cu Camera Auriu"},"content":{"rendered":"<p>Smartwatch Bluetooth DZ09 MTK Compatibil SIM si MicroSD cu Camera Auriu|V\u0103 ve\u0163i putea bucura de acest ceas smartwatch DZ09 cu un design multiplu \u015fi pentru c\u0103 are aceste func\u0163ii, cum ar fi: func\u0163ie-anti pierdere, pedomedru, monitorizare a somnului \u015fi ve\u0163i face mai mult sport pentru c\u0103 ceasul are Reminder Sedentarism, bine\u00een\u0163eles, vine inclus \u015fi cu un calendar Sincronizabil. Functii Principale: Compatibil GSM 850\/900\/1800\/1900 MHz prin adaugare cartela SIM Apelare prin Bluetooth, Call Reminder, Telefon Bluetooth SMS si Messanger prin Bluetooth || Techstar.ro <\/p>\n<p>Disponibilitate: In Stoc<\/p>\n","protected":false},"excerpt":{"rendered":"<p>V\u0103 ve\u0163i putea bucura de acest ceas smartwatch DZ09 cu un design multiplu \u015fi pentru c\u0103 are aceste func\u0163ii, cum ar fi: func\u0163ie-anti pierdere, pedomedru, monitorizare a somnului \u015fi ve\u0163i face mai mult sport pentru c\u0103 ceasul are Reminder Sedentarism, bine\u00een\u0163eles, vine inclus \u015fi cu un calendar Sincronizabil. Functii Principale: Compatibil GSM 850\/900\/1800\/1900 MHz prin adaugare cartela SIM Apelare prin Bluetooth, Call Reminder, Telefon Bluetooth SMS si Messanger prin Bluetooth<a class=\"button\" href=\"https:\/\/bitsmag.ro\/aff\/shop\/techstar-ro\/aplice-si-plafoniere\/smartwatch-bluetooth-dz09-mtk-compatibil-sim-si-microsd-cu-camera-auriu\/\" title=\"More\">Read more<\/a><\/p>\n","protected":false},"featured_media":72153,"comment_status":"open","ping_status":"open","template":"","meta":{"_acf_changed":false},"product_brand":[],"product_cat":[13535,175],"product_tag":[],"class_list":{"0":"post-86172","1":"product","2":"type-product","3":"status-publish","4":"has-post-thumbnail","6":"product_cat-aplice-si-plafoniere","7":"product_cat-techstar-ro","8":"pa_stock-disponibilitate-in-stoc","10":"first","11":"instock","12":"product-type-external"},"acf":[],"_links":{"self":[{"href":"https:\/\/bitsmag.ro\/aff\/wp-json\/wp\/v2\/product\/86172","targetHints":{"allow":["GET"]}}],"collection":[{"href":"https:\/\/bitsmag.ro\/aff\/wp-json\/wp\/v2\/product"}],"about":[{"href":"https:\/\/bitsmag.ro\/aff\/wp-json\/wp\/v2\/types\/product"}],"replies":[{"embeddable":true,"href":"https:\/\/bitsmag.ro\/aff\/wp-json\/wp\/v2\/comments?post=86172"}],"wp:featuredmedia":[{"embeddable":true,"href":"https:\/\/bitsmag.ro\/aff\/wp-json\/wp\/v2\/media\/72153"}],"wp:attachment":[{"href":"https:\/\/bitsmag.ro\/aff\/wp-json\/wp\/v2\/media?parent=86172"}],"wp:term":[{"taxonomy":"product_brand","embeddable":true,"href":"https:\/\/bitsmag.ro\/aff\/wp-json\/wp\/v2\/product_brand?post=86172"},{"taxonomy":"product_cat","embeddable":true,"href":"https:\/\/bitsmag.ro\/aff\/wp-json\/wp\/v2\/product_cat?post=86172"},{"taxonomy":"product_tag","embeddable":true,"href":"https:\/\/bitsmag.ro\/aff\/wp-json\/wp\/v2\/product_tag?post=86172"}],"curies":[{"name":"wp","href":"https:\/\/api.w.org\/{rel}","templated":true}]}}