{"id":86241,"date":"2024-11-09T17:11:13","date_gmt":"2024-11-09T17:11:13","guid":{"rendered":"https:\/\/bitsmag.ro\/aff\/shop\/uncategorized\/dozator-de-sapun-techstar-negru-montaj-perete-montaj-tip-ventuza-250ml\/"},"modified":"2024-11-09T17:11:18","modified_gmt":"2024-11-09T17:11:18","slug":"dozator-de-sapun-techstar-negru-montaj-perete-montaj-tip-ventuza-250ml","status":"publish","type":"product","link":"https:\/\/bitsmag.ro\/aff\/shop\/techstar-ro\/dispensere-si-dozatoare-lichid\/dozator-de-sapun-techstar-negru-montaj-perete-montaj-tip-ventuza-250ml\/","title":{"rendered":"Dozator De Sapun Techstar\u00ae, Negru, Montaj Perete, Montaj Tip Ventuza, 250ml"},"content":{"rendered":"<p>Dozator De Sapun Techstar\u00ae, Negru, Montaj Perete, Montaj Tip Ventuza, 250ml|Dozatorul de sapun lichid este foarte practic si usor de folosit. Este foarte comod si util atat in baie , cat si in bucatarie . Prinderea pe perete se face cu ajutorul ventuzei inclusa in pachet ce nu lasa urme si rezista la umezeala. Sp\u0103larea m\u00e2inilor este unul dintre cele mai importante lucruri pe care le faci tu \u0219i copiii t\u0103i pentru a te ajuta s\u0103 r\u0103m\u00e2i s\u0103n\u0103tos. Distribuitorul manual de s\u0103pun pentru m\u00e2ini ajut\u0103 la eliminarea milioanelor de germeni pe care m\u00e2inile tale le pot ridica || Techstar.ro <\/p>\n<p>Disponibilitate: In Stoc<\/p>\n","protected":false},"excerpt":{"rendered":"<p>Dozatorul de sapun lichid este foarte practic si usor de folosit. Este foarte comod si util atat in baie , cat si in bucatarie . Prinderea pe perete se face cu ajutorul ventuzei inclusa in pachet ce nu lasa urme si rezista la umezeala. Sp\u0103larea m\u00e2inilor este unul dintre cele mai importante lucruri pe care le faci tu \u0219i copiii t\u0103i pentru a te ajuta s\u0103 r\u0103m\u00e2i s\u0103n\u0103tos. Distribuitorul manual de s\u0103pun pentru m\u00e2ini ajut\u0103 la eliminarea milioanelor de germeni pe care m\u00e2inile tale le pot ridica<a class=\"button\" href=\"https:\/\/bitsmag.ro\/aff\/shop\/techstar-ro\/dispensere-si-dozatoare-lichid\/dozator-de-sapun-techstar-negru-montaj-perete-montaj-tip-ventuza-250ml\/\" title=\"More\">Read more<\/a><\/p>\n","protected":false},"featured_media":72291,"comment_status":"open","ping_status":"open","template":"","meta":{"_acf_changed":false},"product_brand":[],"product_cat":[13628,175],"product_tag":[],"class_list":{"0":"post-86241","1":"product","2":"type-product","3":"status-publish","4":"has-post-thumbnail","6":"product_cat-dispensere-si-dozatoare-lichid","7":"product_cat-techstar-ro","8":"pa_stock-disponibilitate-in-stoc","10":"first","11":"instock","12":"sale","13":"product-type-external"},"acf":[],"_links":{"self":[{"href":"https:\/\/bitsmag.ro\/aff\/wp-json\/wp\/v2\/product\/86241","targetHints":{"allow":["GET"]}}],"collection":[{"href":"https:\/\/bitsmag.ro\/aff\/wp-json\/wp\/v2\/product"}],"about":[{"href":"https:\/\/bitsmag.ro\/aff\/wp-json\/wp\/v2\/types\/product"}],"replies":[{"embeddable":true,"href":"https:\/\/bitsmag.ro\/aff\/wp-json\/wp\/v2\/comments?post=86241"}],"wp:featuredmedia":[{"embeddable":true,"href":"https:\/\/bitsmag.ro\/aff\/wp-json\/wp\/v2\/media\/72291"}],"wp:attachment":[{"href":"https:\/\/bitsmag.ro\/aff\/wp-json\/wp\/v2\/media?parent=86241"}],"wp:term":[{"taxonomy":"product_brand","embeddable":true,"href":"https:\/\/bitsmag.ro\/aff\/wp-json\/wp\/v2\/product_brand?post=86241"},{"taxonomy":"product_cat","embeddable":true,"href":"https:\/\/bitsmag.ro\/aff\/wp-json\/wp\/v2\/product_cat?post=86241"},{"taxonomy":"product_tag","embeddable":true,"href":"https:\/\/bitsmag.ro\/aff\/wp-json\/wp\/v2\/product_tag?post=86241"}],"curies":[{"name":"wp","href":"https:\/\/api.w.org\/{rel}","templated":true}]}}