{"id":86347,"date":"2024-11-09T17:12:14","date_gmt":"2024-11-09T17:12:14","guid":{"rendered":"https:\/\/bitsmag.ro\/aff\/shop\/uncategorized\/smartwatch-mtk-dz09-cu-bluetooth-si-camera-foto-compatibil-sim-si-microsd-alb\/"},"modified":"2024-11-09T17:12:22","modified_gmt":"2024-11-09T17:12:22","slug":"smartwatch-mtk-dz09-cu-bluetooth-si-camera-foto-compatibil-sim-si-microsd-alb","status":"publish","type":"product","link":"https:\/\/bitsmag.ro\/aff\/shop\/techstar-ro\/aplice-si-plafoniere\/smartwatch-mtk-dz09-cu-bluetooth-si-camera-foto-compatibil-sim-si-microsd-alb\/","title":{"rendered":"Smartwatch Mtk DZ09 cu Bluetooth si Camera Foto, Compatibil SIM si MicroSD Alb"},"content":{"rendered":"<p>Smartwatch Mtk DZ09 cu Bluetooth si Camera Foto, Compatibil SIM si MicroSD Alb|SMARTWATCH BLUETOOTH DZ09 Func\u0163iile SmartWatch-ulului DZ09 v\u0103 pot ajuta \u00een a v\u0103 utiliza smartphone-ul la adev\u0103rata lui valoare. Ave\u0163i acces la apelare prin BT, v\u0103 pute\u0163i sincroniza agenda \u015fi nu ve\u0163i uita cine v-a sunat, pentru c\u0103 de\u0163ine func\u0163ia de Call Reminder. V\u0103 ve\u0163i putea bucura de acest ceas smartwatch DZ09 cu un design modern \u015fi pentru c\u0103 are aceste func\u0163ii, cum ar fi: func\u0163ie-anti pierdere, pedomedru, monitorizare a somnului \u015fi ve\u0163i face mai mult sport pentru c\u0103 ceasul are || Techstar.ro <\/p>\n<p>Disponibilitate: In Stoc<\/p>\n","protected":false},"excerpt":{"rendered":"<p>SMARTWATCH BLUETOOTH DZ09 Func\u0163iile SmartWatch-ulului DZ09 v\u0103 pot ajuta \u00een a v\u0103 utiliza smartphone-ul la adev\u0103rata lui valoare. Ave\u0163i acces la apelare prin BT, v\u0103 pute\u0163i sincroniza agenda \u015fi nu ve\u0163i uita cine v-a sunat, pentru c\u0103 de\u0163ine func\u0163ia de Call Reminder. V\u0103 ve\u0163i putea bucura de acest ceas smartwatch DZ09 cu un design modern \u015fi pentru c\u0103 are aceste func\u0163ii, cum ar fi: func\u0163ie-anti pierdere, pedomedru, monitorizare a somnului \u015fi ve\u0163i face mai mult sport pentru c\u0103 ceasul are<a class=\"button\" href=\"https:\/\/bitsmag.ro\/aff\/shop\/techstar-ro\/aplice-si-plafoniere\/smartwatch-mtk-dz09-cu-bluetooth-si-camera-foto-compatibil-sim-si-microsd-alb\/\" title=\"More\">Read more<\/a><\/p>\n","protected":false},"featured_media":72489,"comment_status":"open","ping_status":"open","template":"","meta":{"_acf_changed":false},"product_brand":[],"product_cat":[13535,175],"product_tag":[],"class_list":{"0":"post-86347","1":"product","2":"type-product","3":"status-publish","4":"has-post-thumbnail","6":"product_cat-aplice-si-plafoniere","7":"product_cat-techstar-ro","8":"pa_stock-disponibilitate-in-stoc","10":"first","11":"instock","12":"sale","13":"product-type-external"},"acf":[],"_links":{"self":[{"href":"https:\/\/bitsmag.ro\/aff\/wp-json\/wp\/v2\/product\/86347","targetHints":{"allow":["GET"]}}],"collection":[{"href":"https:\/\/bitsmag.ro\/aff\/wp-json\/wp\/v2\/product"}],"about":[{"href":"https:\/\/bitsmag.ro\/aff\/wp-json\/wp\/v2\/types\/product"}],"replies":[{"embeddable":true,"href":"https:\/\/bitsmag.ro\/aff\/wp-json\/wp\/v2\/comments?post=86347"}],"wp:featuredmedia":[{"embeddable":true,"href":"https:\/\/bitsmag.ro\/aff\/wp-json\/wp\/v2\/media\/72489"}],"wp:attachment":[{"href":"https:\/\/bitsmag.ro\/aff\/wp-json\/wp\/v2\/media?parent=86347"}],"wp:term":[{"taxonomy":"product_brand","embeddable":true,"href":"https:\/\/bitsmag.ro\/aff\/wp-json\/wp\/v2\/product_brand?post=86347"},{"taxonomy":"product_cat","embeddable":true,"href":"https:\/\/bitsmag.ro\/aff\/wp-json\/wp\/v2\/product_cat?post=86347"},{"taxonomy":"product_tag","embeddable":true,"href":"https:\/\/bitsmag.ro\/aff\/wp-json\/wp\/v2\/product_tag?post=86347"}],"curies":[{"name":"wp","href":"https:\/\/api.w.org\/{rel}","templated":true}]}}