{"id":86407,"date":"2025-08-01T13:07:23","date_gmt":"2025-08-01T13:07:23","guid":{"rendered":"https:\/\/bitsmag.ro\/aff\/shop\/uncategorized\/incarcator-inteligent-pentru-baterie-auto-jfind-12v-6a-90w-functie-puls-de-reparare-afisaj-lcd-masina-camion-motocicleta-galben-negru\/"},"modified":"2025-08-01T13:07:29","modified_gmt":"2025-08-01T13:07:29","slug":"incarcator-inteligent-pentru-baterie-auto-jfind-12v-6a-90w-functie-puls-de-reparare-afisaj-lcd-masina-camion-motocicleta-galben-negru","status":"publish","type":"product","link":"https:\/\/bitsmag.ro\/aff\/shop\/techstar-ro\/redresoare-si-incarcatoare-baterie-auto\/incarcator-inteligent-pentru-baterie-auto-jfind-12v-6a-90w-functie-puls-de-reparare-afisaj-lcd-masina-camion-motocicleta-galben-negru\/","title":{"rendered":"Incarcator Inteligent pentru Baterie Auto Jfind, 12V, 6A, 90W, Functie Puls de Reparare, Afisaj LCD, Masina, Camion, Motocicleta, Galben\/Negru"},"content":{"rendered":"<p>Incarcator Inteligent pentru Baterie Auto Jfind, 12V, 6A, 90W, Functie Puls de Reparare, Afisaj LCD, Masina, Camion, Motocicleta, Galben\/Negru|Activarea bateriei: Folosind tehnologia de reparare a impulsurilor de \u00eenalt\u0103 \u0219i joas\u0103 frecven\u021b\u0103, are un efect pl\u0103cut de reparare \u0219i activare asupra bateriei sub tensiune, a bateriei care a fost inactiv\u0103 de mult timp \u0219i a bateriei care nu poate fi \u00eenc\u0103rcat\u0103. Protec\u021bia controlului temperaturii: dispozitivul va detecta automat temperatura exterioar\u0103, va porni automat modul de iarn\u0103 sau vara \u0219i va selecta tensiunea de \u00eenc\u0103rcare adecvat\u0103 \u00een func\u021bie de temperatur\u0103, automat f\u0103r\u0103 ajustare \u0219i va || Techstar.ro <\/p>\n<p>Disponibilitate: In Stoc<\/p>\n","protected":false},"excerpt":{"rendered":"<p>Activarea bateriei: Folosind tehnologia de reparare a impulsurilor de \u00eenalt\u0103 \u0219i joas\u0103 frecven\u021b\u0103, are un efect pl\u0103cut de reparare \u0219i activare asupra bateriei sub tensiune, a bateriei care a fost inactiv\u0103 de mult timp \u0219i a bateriei care nu poate fi \u00eenc\u0103rcat\u0103. Protec\u021bia controlului temperaturii: dispozitivul va detecta automat temperatura exterioar\u0103, va porni automat modul de iarn\u0103 sau vara \u0219i va selecta tensiunea de \u00eenc\u0103rcare adecvat\u0103 \u00een func\u021bie de temperatur\u0103, automat f\u0103r\u0103 ajustare \u0219i va<a class=\"button\" href=\"https:\/\/bitsmag.ro\/aff\/shop\/techstar-ro\/redresoare-si-incarcatoare-baterie-auto\/incarcator-inteligent-pentru-baterie-auto-jfind-12v-6a-90w-functie-puls-de-reparare-afisaj-lcd-masina-camion-motocicleta-galben-negru\/\" title=\"More\">Read more<\/a><\/p>\n","protected":false},"featured_media":72601,"comment_status":"open","ping_status":"open","template":"","meta":{"_acf_changed":false},"product_brand":[],"product_cat":[13550,175],"product_tag":[],"class_list":{"0":"post-86407","1":"product","2":"type-product","3":"status-publish","4":"has-post-thumbnail","6":"product_cat-redresoare-si-incarcatoare-baterie-auto","7":"product_cat-techstar-ro","8":"pa_stock-disponibilitate-in-stoc","10":"first","11":"instock","12":"product-type-external"},"acf":[],"_links":{"self":[{"href":"https:\/\/bitsmag.ro\/aff\/wp-json\/wp\/v2\/product\/86407","targetHints":{"allow":["GET"]}}],"collection":[{"href":"https:\/\/bitsmag.ro\/aff\/wp-json\/wp\/v2\/product"}],"about":[{"href":"https:\/\/bitsmag.ro\/aff\/wp-json\/wp\/v2\/types\/product"}],"replies":[{"embeddable":true,"href":"https:\/\/bitsmag.ro\/aff\/wp-json\/wp\/v2\/comments?post=86407"}],"wp:featuredmedia":[{"embeddable":true,"href":"https:\/\/bitsmag.ro\/aff\/wp-json\/wp\/v2\/media\/72601"}],"wp:attachment":[{"href":"https:\/\/bitsmag.ro\/aff\/wp-json\/wp\/v2\/media?parent=86407"}],"wp:term":[{"taxonomy":"product_brand","embeddable":true,"href":"https:\/\/bitsmag.ro\/aff\/wp-json\/wp\/v2\/product_brand?post=86407"},{"taxonomy":"product_cat","embeddable":true,"href":"https:\/\/bitsmag.ro\/aff\/wp-json\/wp\/v2\/product_cat?post=86407"},{"taxonomy":"product_tag","embeddable":true,"href":"https:\/\/bitsmag.ro\/aff\/wp-json\/wp\/v2\/product_tag?post=86407"}],"curies":[{"name":"wp","href":"https:\/\/api.w.org\/{rel}","templated":true}]}}