{"id":86634,"date":"2025-11-24T12:32:04","date_gmt":"2025-11-24T12:32:04","guid":{"rendered":"https:\/\/bitsmag.ro\/aff\/shop\/uncategorized\/sistem-de-monitorizare-a-presiunii-in-anvelope-ble-tpms-bluetooth-4-0-pentru-ios-android-senzori-externi-4-bucati-set\/"},"modified":"2025-11-24T12:32:12","modified_gmt":"2025-11-24T12:32:12","slug":"sistem-de-monitorizare-a-presiunii-in-anvelope-ble-tpms-bluetooth-4-0-pentru-ios-android-senzori-externi-4-bucati-set","status":"publish","type":"product","link":"https:\/\/bitsmag.ro\/aff\/shop\/techstar-ro\/monitorizare-presiune-roti-tpms\/sistem-de-monitorizare-a-presiunii-in-anvelope-ble-tpms-bluetooth-4-0-pentru-ios-android-senzori-externi-4-bucati-set\/","title":{"rendered":"Sistem de monitorizare a presiunii \u00een anvelope, BLE TPMS Bluetooth 4.0 pentru iOS \/ Android, senzori externi (4 bucati \/ set)"},"content":{"rendered":"<p>Sistem de monitorizare a presiunii \u00een anvelope, BLE TPMS Bluetooth 4.0 pentru iOS \/ Android, senzori externi (4 bucati \/ set)|Sistemul de monitorizare a presiunii \u00een anvelope BLE TPMS este proiectat pentru telefoane mobile inteligente \u0219i accept\u0103 telefoane mobile cu Bluetooth 4.0. Odat\u0103 ce senzorul pentru anvelope BLE este instalat pe roat\u0103, presiunea \u0219i temperatura \u00een anvelope pot fi afi\u0219ate pe telefonul mobil cu APP. \u00cen timpul c\u0103l\u0103toriei, presiunea \u00een anvelope \u0219i temperatura sunt afi\u0219ate \u00een timp real \u0219i trimit alerte atunci c\u00e2nd statisticile sunt anormale. Pentru siguran\u021ba dumneavoastr\u0103, v\u0103 rug\u0103m s\u0103 citi\u021bi || Techstar.ro <\/p>\n<p>Disponibilitate: In Stoc<\/p>\n","protected":false},"excerpt":{"rendered":"<p>Sistemul de monitorizare a presiunii \u00een anvelope BLE TPMS este proiectat pentru telefoane mobile inteligente \u0219i accept\u0103 telefoane mobile cu Bluetooth 4.0. Odat\u0103 ce senzorul pentru anvelope BLE este instalat pe roat\u0103, presiunea \u0219i temperatura \u00een anvelope pot fi afi\u0219ate pe telefonul mobil cu APP. \u00cen timpul c\u0103l\u0103toriei, presiunea \u00een anvelope \u0219i temperatura sunt afi\u0219ate \u00een timp real \u0219i trimit alerte atunci c\u00e2nd statisticile sunt anormale. Pentru siguran\u021ba dumneavoastr\u0103, v\u0103 rug\u0103m s\u0103 citi\u021bi<a class=\"button\" href=\"https:\/\/bitsmag.ro\/aff\/shop\/techstar-ro\/monitorizare-presiune-roti-tpms\/sistem-de-monitorizare-a-presiunii-in-anvelope-ble-tpms-bluetooth-4-0-pentru-ios-android-senzori-externi-4-bucati-set\/\" title=\"More\">Read more<\/a><\/p>\n","protected":false},"featured_media":73053,"comment_status":"open","ping_status":"open","template":"","meta":{"_acf_changed":false},"product_brand":[],"product_cat":[13581,175],"product_tag":[],"class_list":{"0":"post-86634","1":"product","2":"type-product","3":"status-publish","4":"has-post-thumbnail","6":"product_cat-monitorizare-presiune-roti-tpms","7":"product_cat-techstar-ro","8":"pa_stock-disponibilitate-in-stoc","10":"first","11":"instock","12":"sale","13":"product-type-external"},"acf":[],"_links":{"self":[{"href":"https:\/\/bitsmag.ro\/aff\/wp-json\/wp\/v2\/product\/86634","targetHints":{"allow":["GET"]}}],"collection":[{"href":"https:\/\/bitsmag.ro\/aff\/wp-json\/wp\/v2\/product"}],"about":[{"href":"https:\/\/bitsmag.ro\/aff\/wp-json\/wp\/v2\/types\/product"}],"replies":[{"embeddable":true,"href":"https:\/\/bitsmag.ro\/aff\/wp-json\/wp\/v2\/comments?post=86634"}],"wp:featuredmedia":[{"embeddable":true,"href":"https:\/\/bitsmag.ro\/aff\/wp-json\/wp\/v2\/media\/73053"}],"wp:attachment":[{"href":"https:\/\/bitsmag.ro\/aff\/wp-json\/wp\/v2\/media?parent=86634"}],"wp:term":[{"taxonomy":"product_brand","embeddable":true,"href":"https:\/\/bitsmag.ro\/aff\/wp-json\/wp\/v2\/product_brand?post=86634"},{"taxonomy":"product_cat","embeddable":true,"href":"https:\/\/bitsmag.ro\/aff\/wp-json\/wp\/v2\/product_cat?post=86634"},{"taxonomy":"product_tag","embeddable":true,"href":"https:\/\/bitsmag.ro\/aff\/wp-json\/wp\/v2\/product_tag?post=86634"}],"curies":[{"name":"wp","href":"https:\/\/api.w.org\/{rel}","templated":true}]}}