{"id":86641,"date":"2025-08-01T13:09:22","date_gmt":"2025-08-01T13:09:22","guid":{"rendered":"https:\/\/bitsmag.ro\/aff\/shop\/uncategorized\/instrument-de-scanare-si-diagnosticare-auto-konnwei-kw902-mini-elm327-bluetooth-5-0-obd2-compatibil-cu-android-si-windows-pc-orange\/"},"modified":"2025-08-01T13:09:26","modified_gmt":"2025-08-01T13:09:26","slug":"instrument-de-scanare-si-diagnosticare-auto-konnwei-kw902-mini-elm327-bluetooth-5-0-obd2-compatibil-cu-android-si-windows-pc-orange","status":"publish","type":"product","link":"https:\/\/bitsmag.ro\/aff\/shop\/techstar-ro\/becuri\/instrument-de-scanare-si-diagnosticare-auto-konnwei-kw902-mini-elm327-bluetooth-5-0-obd2-compatibil-cu-android-si-windows-pc-orange\/","title":{"rendered":"Instrument de scanare si diagnosticare auto, KONNWEI KW902, Mini ELM327, Bluetooth 5.0, OBD2, Compatibil Cu Android si Windows PC, Orange"},"content":{"rendered":"<p>Instrument de scanare si diagnosticare auto, KONNWEI KW902, Mini ELM327, Bluetooth 5.0, OBD2, Compatibil Cu Android si Windows PC, Orange|Instrumentul de scanare si diagnosticare auto, KONNWEI KW902 este un adaptor mic care se conecteaza la portul OBD al vehiculului prin Bluetooth. Se conecteaz\u0103 la PC-ul cu Windows si dispozitivele cu Android prin procedurile de diagnosticare asociate. F\u0103c\u00e2nd aceste opera\u021bii simple, ve\u021bi putea: M\u0103sura\u021bi consumul de combustibil. Afi\u0219a performan\u021ba de func\u021bionare \u00een timp real a ma\u0219inii, cum ar fi impulsul, viteza vehiculului, presiunea uleiului, temperatura lichidului de r\u0103cire, sarcina || Techstar.ro <\/p>\n<p>Disponibilitate: In Stoc<\/p>\n","protected":false},"excerpt":{"rendered":"<p>Instrumentul de scanare si diagnosticare auto, KONNWEI KW902 este un adaptor mic care se conecteaza la portul OBD al vehiculului prin Bluetooth. Se conecteaz\u0103 la PC-ul cu Windows si dispozitivele cu Android prin procedurile de diagnosticare asociate. F\u0103c\u00e2nd aceste opera\u021bii simple, ve\u021bi putea: M\u0103sura\u021bi consumul de combustibil. Afi\u0219a performan\u021ba de func\u021bionare \u00een timp real a ma\u0219inii, cum ar fi impulsul, viteza vehiculului, presiunea uleiului, temperatura lichidului de r\u0103cire, sarcina<a class=\"button\" href=\"https:\/\/bitsmag.ro\/aff\/shop\/techstar-ro\/becuri\/instrument-de-scanare-si-diagnosticare-auto-konnwei-kw902-mini-elm327-bluetooth-5-0-obd2-compatibil-cu-android-si-windows-pc-orange\/\" title=\"More\">Read more<\/a><\/p>\n","protected":false},"featured_media":73067,"comment_status":"open","ping_status":"open","template":"","meta":{"_acf_changed":false},"product_brand":[],"product_cat":[13555,175],"product_tag":[],"class_list":{"0":"post-86641","1":"product","2":"type-product","3":"status-publish","4":"has-post-thumbnail","6":"product_cat-becuri","7":"product_cat-techstar-ro","8":"pa_stock-disponibilitate-in-stoc","10":"first","11":"instock","12":"sale","13":"product-type-external"},"acf":[],"_links":{"self":[{"href":"https:\/\/bitsmag.ro\/aff\/wp-json\/wp\/v2\/product\/86641","targetHints":{"allow":["GET"]}}],"collection":[{"href":"https:\/\/bitsmag.ro\/aff\/wp-json\/wp\/v2\/product"}],"about":[{"href":"https:\/\/bitsmag.ro\/aff\/wp-json\/wp\/v2\/types\/product"}],"replies":[{"embeddable":true,"href":"https:\/\/bitsmag.ro\/aff\/wp-json\/wp\/v2\/comments?post=86641"}],"wp:featuredmedia":[{"embeddable":true,"href":"https:\/\/bitsmag.ro\/aff\/wp-json\/wp\/v2\/media\/73067"}],"wp:attachment":[{"href":"https:\/\/bitsmag.ro\/aff\/wp-json\/wp\/v2\/media?parent=86641"}],"wp:term":[{"taxonomy":"product_brand","embeddable":true,"href":"https:\/\/bitsmag.ro\/aff\/wp-json\/wp\/v2\/product_brand?post=86641"},{"taxonomy":"product_cat","embeddable":true,"href":"https:\/\/bitsmag.ro\/aff\/wp-json\/wp\/v2\/product_cat?post=86641"},{"taxonomy":"product_tag","embeddable":true,"href":"https:\/\/bitsmag.ro\/aff\/wp-json\/wp\/v2\/product_tag?post=86641"}],"curies":[{"name":"wp","href":"https:\/\/api.w.org\/{rel}","templated":true}]}}