{"id":86762,"date":"2025-11-24T12:32:46","date_gmt":"2025-11-24T12:32:46","guid":{"rendered":"https:\/\/bitsmag.ro\/aff\/shop\/uncategorized\/receptor-si-transmitator-2-in-1-techstar-t16-bluetooth-5-0-ecran-lcd-aux-alimentare-usb-compatibil-sisteme-audio-home-sau-auto-negru\/"},"modified":"2025-11-24T12:32:54","modified_gmt":"2025-11-24T12:32:54","slug":"receptor-si-transmitator-2-in-1-techstar-t16-bluetooth-5-0-ecran-lcd-aux-alimentare-usb-compatibil-sisteme-audio-home-sau-auto-negru","status":"publish","type":"product","link":"https:\/\/bitsmag.ro\/aff\/shop\/techstar-ro\/masini-de-cusut\/receptor-si-transmitator-2-in-1-techstar-t16-bluetooth-5-0-ecran-lcd-aux-alimentare-usb-compatibil-sisteme-audio-home-sau-auto-negru\/","title":{"rendered":"Receptor si Transmitator 2 In 1 Techstar\u00ae T16, Bluetooth 5.0, Ecran LCD, AUX, Alimentare USB, Compatibil Sisteme Audio Home sau Auto, Negru"},"content":{"rendered":"<p>Receptor si Transmitator 2 In 1 Techstar\u00ae T16, Bluetooth 5.0, Ecran LCD, AUX, Alimentare USB, Compatibil Sisteme Audio Home sau Auto, Negru|Este potrivit pentru telefon mobil, laptop, computer, difuzor, c\u0103\u0219ti f\u0103r\u0103 fir \u0219i amplificator. Asigur\u0103 calitate de sunet HiFi cu reducere a zgomotului, f\u0103r\u0103 a necesita drivere sau aplica\u021bii, fiind gata de utilizare imediat. Func\u021bionalitate Bluetooth V5.0 Chipsetul avansat CSR 5.0 combin\u0103 A2DP pentru o vitez\u0103 de transmisie de dou\u0103 ori mai rapid\u0103 \u0219i stabilitate sporit\u0103 a semnalului. Ofer\u0103 streaming muzical HiFi continuu \u0219i clar, ideal pentru c\u0103\u0219ti cu fir, sisteme home cinema, stereo || Techstar.ro <\/p>\n<p>Disponibilitate: In Stoc<\/p>\n","protected":false},"excerpt":{"rendered":"<p>Este potrivit pentru telefon mobil, laptop, computer, difuzor, c\u0103\u0219ti f\u0103r\u0103 fir \u0219i amplificator. Asigur\u0103 calitate de sunet HiFi cu reducere a zgomotului, f\u0103r\u0103 a necesita drivere sau aplica\u021bii, fiind gata de utilizare imediat. Func\u021bionalitate Bluetooth V5.0 Chipsetul avansat CSR 5.0 combin\u0103 A2DP pentru o vitez\u0103 de transmisie de dou\u0103 ori mai rapid\u0103 \u0219i stabilitate sporit\u0103 a semnalului. Ofer\u0103 streaming muzical HiFi continuu \u0219i clar, ideal pentru c\u0103\u0219ti cu fir, sisteme home cinema, stereo<a class=\"button\" href=\"https:\/\/bitsmag.ro\/aff\/shop\/techstar-ro\/masini-de-cusut\/receptor-si-transmitator-2-in-1-techstar-t16-bluetooth-5-0-ecran-lcd-aux-alimentare-usb-compatibil-sisteme-audio-home-sau-auto-negru\/\" title=\"More\">Read more<\/a><\/p>\n","protected":false},"featured_media":73307,"comment_status":"open","ping_status":"open","template":"","meta":{"_acf_changed":false},"product_brand":[],"product_cat":[13582,175],"product_tag":[],"class_list":{"0":"post-86762","1":"product","2":"type-product","3":"status-publish","4":"has-post-thumbnail","6":"product_cat-masini-de-cusut","7":"product_cat-techstar-ro","8":"pa_stock-disponibilitate-in-stoc","10":"first","11":"instock","12":"sale","13":"product-type-external"},"acf":[],"_links":{"self":[{"href":"https:\/\/bitsmag.ro\/aff\/wp-json\/wp\/v2\/product\/86762","targetHints":{"allow":["GET"]}}],"collection":[{"href":"https:\/\/bitsmag.ro\/aff\/wp-json\/wp\/v2\/product"}],"about":[{"href":"https:\/\/bitsmag.ro\/aff\/wp-json\/wp\/v2\/types\/product"}],"replies":[{"embeddable":true,"href":"https:\/\/bitsmag.ro\/aff\/wp-json\/wp\/v2\/comments?post=86762"}],"wp:featuredmedia":[{"embeddable":true,"href":"https:\/\/bitsmag.ro\/aff\/wp-json\/wp\/v2\/media\/73307"}],"wp:attachment":[{"href":"https:\/\/bitsmag.ro\/aff\/wp-json\/wp\/v2\/media?parent=86762"}],"wp:term":[{"taxonomy":"product_brand","embeddable":true,"href":"https:\/\/bitsmag.ro\/aff\/wp-json\/wp\/v2\/product_brand?post=86762"},{"taxonomy":"product_cat","embeddable":true,"href":"https:\/\/bitsmag.ro\/aff\/wp-json\/wp\/v2\/product_cat?post=86762"},{"taxonomy":"product_tag","embeddable":true,"href":"https:\/\/bitsmag.ro\/aff\/wp-json\/wp\/v2\/product_tag?post=86762"}],"curies":[{"name":"wp","href":"https:\/\/api.w.org\/{rel}","templated":true}]}}