{"id":86844,"date":"2025-08-01T13:10:56","date_gmt":"2025-08-01T13:10:56","guid":{"rendered":"https:\/\/bitsmag.ro\/aff\/shop\/uncategorized\/umidificator-si-purificator-aer-cu-aromaterapie-cu-ultrasunete-uleiuri-esentiale-pentru-camera-birou-de-400-ml\/"},"modified":"2025-08-01T13:10:58","modified_gmt":"2025-08-01T13:10:58","slug":"umidificator-si-purificator-aer-cu-aromaterapie-cu-ultrasunete-uleiuri-esentiale-pentru-camera-birou-de-400-ml","status":"publish","type":"product","link":"https:\/\/bitsmag.ro\/aff\/shop\/techstar-ro\/cartuse-toner-lexmark\/umidificator-si-purificator-aer-cu-aromaterapie-cu-ultrasunete-uleiuri-esentiale-pentru-camera-birou-de-400-ml\/","title":{"rendered":"Umidificator si Purificator Aer cu Aromaterapie cu Ultrasunete, Uleiuri Esentiale, pentru Camera, Birou, de 400 ml"},"content":{"rendered":"<p>Umidificator si Purificator Aer cu Aromaterapie cu Ultrasunete, Uleiuri Esentiale, pentru Camera, Birou, de 400 ml|Pute\u021bi ap\u0103sa cu u\u0219urin\u021b\u0103 butonul Mist pentru a alege o setare a cronometrului conform dorin\u021belor dvs. (1 or\u0103 \/ 3 ore \/ 6 ore \/ stabil\u0103, iar acest difuzor de arom\u0103 poate dura p\u00e2n\u0103 la 10 ore de ie\u0219ire continu\u0103. Design unic din lemn perfect pentru dormitor, studiu, birou, living, yoga, SPA, camer\u0103 pentru copii, etc. Poate fi folosit ca difuzor \/ umidificatoare de aer aromaterapie \/ purificator de aer \/ lumin\u0103 de noapte. Dimensiune: diametru = 6,6 in, \u00een\u0103l\u021bime = 5,75 in; Greutate: 14.4 oz. Cu || Techstar.ro <\/p>\n<p>Disponibilitate: In Stoc<\/p>\n","protected":false},"excerpt":{"rendered":"<p>Pute\u021bi ap\u0103sa cu u\u0219urin\u021b\u0103 butonul Mist pentru a alege o setare a cronometrului conform dorin\u021belor dvs. (1 or\u0103 \/ 3 ore \/ 6 ore \/ stabil\u0103, iar acest difuzor de arom\u0103 poate dura p\u00e2n\u0103 la 10 ore de ie\u0219ire continu\u0103. Design unic din lemn perfect pentru dormitor, studiu, birou, living, yoga, SPA, camer\u0103 pentru copii, etc. Poate fi folosit ca difuzor \/ umidificatoare de aer aromaterapie \/ purificator de aer \/ lumin\u0103 de noapte. Dimensiune: diametru = 6,6 in, \u00een\u0103l\u021bime = 5,75 in; Greutate: 14.4 oz. Cu<a class=\"button\" href=\"https:\/\/bitsmag.ro\/aff\/shop\/techstar-ro\/cartuse-toner-lexmark\/umidificator-si-purificator-aer-cu-aromaterapie-cu-ultrasunete-uleiuri-esentiale-pentru-camera-birou-de-400-ml\/\" title=\"More\">Read more<\/a><\/p>\n","protected":false},"featured_media":73455,"comment_status":"open","ping_status":"open","template":"","meta":{"_acf_changed":false},"product_brand":[],"product_cat":[13622,175],"product_tag":[],"class_list":{"0":"post-86844","1":"product","2":"type-product","3":"status-publish","4":"has-post-thumbnail","6":"product_cat-cartuse-toner-lexmark","7":"product_cat-techstar-ro","8":"pa_stock-disponibilitate-in-stoc","10":"first","11":"instock","12":"sale","13":"product-type-external"},"acf":[],"_links":{"self":[{"href":"https:\/\/bitsmag.ro\/aff\/wp-json\/wp\/v2\/product\/86844","targetHints":{"allow":["GET"]}}],"collection":[{"href":"https:\/\/bitsmag.ro\/aff\/wp-json\/wp\/v2\/product"}],"about":[{"href":"https:\/\/bitsmag.ro\/aff\/wp-json\/wp\/v2\/types\/product"}],"replies":[{"embeddable":true,"href":"https:\/\/bitsmag.ro\/aff\/wp-json\/wp\/v2\/comments?post=86844"}],"wp:featuredmedia":[{"embeddable":true,"href":"https:\/\/bitsmag.ro\/aff\/wp-json\/wp\/v2\/media\/73455"}],"wp:attachment":[{"href":"https:\/\/bitsmag.ro\/aff\/wp-json\/wp\/v2\/media?parent=86844"}],"wp:term":[{"taxonomy":"product_brand","embeddable":true,"href":"https:\/\/bitsmag.ro\/aff\/wp-json\/wp\/v2\/product_brand?post=86844"},{"taxonomy":"product_cat","embeddable":true,"href":"https:\/\/bitsmag.ro\/aff\/wp-json\/wp\/v2\/product_cat?post=86844"},{"taxonomy":"product_tag","embeddable":true,"href":"https:\/\/bitsmag.ro\/aff\/wp-json\/wp\/v2\/product_tag?post=86844"}],"curies":[{"name":"wp","href":"https:\/\/api.w.org\/{rel}","templated":true}]}}