{"id":86851,"date":"2024-11-09T17:17:07","date_gmt":"2024-11-09T17:17:07","guid":{"rendered":"https:\/\/bitsmag.ro\/aff\/shop\/uncategorized\/lampa-led-anti-insecte-electrica-pentru-tantari-techstar-5w-alb-interior-exterior-cu-usb\/"},"modified":"2024-11-09T17:17:13","modified_gmt":"2024-11-09T17:17:13","slug":"lampa-led-anti-insecte-electrica-pentru-tantari-techstar-5w-alb-interior-exterior-cu-usb","status":"publish","type":"product","link":"https:\/\/bitsmag.ro\/aff\/shop\/techstar-ro\/masini-de-tuns\/lampa-led-anti-insecte-electrica-pentru-tantari-techstar-5w-alb-interior-exterior-cu-usb\/","title":{"rendered":"Lampa Led Anti-Insecte Electrica pentru Tantari, Techstar\u00ae 5W Alb, Interior\/Exterior cu USB"},"content":{"rendered":"<p>Lampa Led Anti-Insecte Electrica pentru Tantari, Techstar\u00ae 5W Alb, Interior\/Exterior cu USB|Culoare:Alb Material: ABS Iesire: USB Tensiune: 5V \/ 1A Putere: 5W Dimensiuni: 19cm x 13cm Linia de s\u00e2rm\u0103: 110cm Suprafa\u021b\u0103 acoperire : 20-40 metri p\u0103tra\u021bi Pur \u0219i simplu conecta\u021bi dispozitivul de eroare \u00eentr-o priz\u0103 electric\u0103, astfel \u00eenc\u00e2t insectele care zboar\u0103 sau se t\u00e2r\u0103sc \u00een apropiere vor fi atrase de lumin\u0103 \u0219i se vor apropia de grila metalic\u0103 \u00eenc\u0103rcat\u0103 electronic, ceea ce va duce la electrocutare. Pentru a asigura eficacitatea controlului se recomand\u0103 cur\u0103\u021barea || Techstar.ro <\/p>\n<p>Disponibilitate: In Stoc<\/p>\n","protected":false},"excerpt":{"rendered":"<p>Culoare:Alb Material: ABS Iesire: USB Tensiune: 5V \/ 1A Putere: 5W Dimensiuni: 19cm x 13cm Linia de s\u00e2rm\u0103: 110cm Suprafa\u021b\u0103 acoperire : 20-40 metri p\u0103tra\u021bi Pur \u0219i simplu conecta\u021bi dispozitivul de eroare \u00eentr-o priz\u0103 electric\u0103, astfel \u00eenc\u00e2t insectele care zboar\u0103 sau se t\u00e2r\u0103sc \u00een apropiere vor fi atrase de lumin\u0103 \u0219i se vor apropia de grila metalic\u0103 \u00eenc\u0103rcat\u0103 electronic, ceea ce va duce la electrocutare. Pentru a asigura eficacitatea controlului se recomand\u0103 cur\u0103\u021barea<a class=\"button\" href=\"https:\/\/bitsmag.ro\/aff\/shop\/techstar-ro\/masini-de-tuns\/lampa-led-anti-insecte-electrica-pentru-tantari-techstar-5w-alb-interior-exterior-cu-usb\/\" title=\"More\">Read more<\/a><\/p>\n","protected":false},"featured_media":86852,"comment_status":"open","ping_status":"open","template":"","meta":{"_acf_changed":false},"product_brand":[],"product_cat":[13646,175],"product_tag":[],"class_list":{"0":"post-86851","1":"product","2":"type-product","3":"status-publish","4":"has-post-thumbnail","6":"product_cat-masini-de-tuns","7":"product_cat-techstar-ro","8":"pa_stock-disponibilitate-in-stoc","10":"first","11":"instock","12":"sale","13":"product-type-external"},"acf":[],"_links":{"self":[{"href":"https:\/\/bitsmag.ro\/aff\/wp-json\/wp\/v2\/product\/86851","targetHints":{"allow":["GET"]}}],"collection":[{"href":"https:\/\/bitsmag.ro\/aff\/wp-json\/wp\/v2\/product"}],"about":[{"href":"https:\/\/bitsmag.ro\/aff\/wp-json\/wp\/v2\/types\/product"}],"replies":[{"embeddable":true,"href":"https:\/\/bitsmag.ro\/aff\/wp-json\/wp\/v2\/comments?post=86851"}],"wp:featuredmedia":[{"embeddable":true,"href":"https:\/\/bitsmag.ro\/aff\/wp-json\/wp\/v2\/media\/86852"}],"wp:attachment":[{"href":"https:\/\/bitsmag.ro\/aff\/wp-json\/wp\/v2\/media?parent=86851"}],"wp:term":[{"taxonomy":"product_brand","embeddable":true,"href":"https:\/\/bitsmag.ro\/aff\/wp-json\/wp\/v2\/product_brand?post=86851"},{"taxonomy":"product_cat","embeddable":true,"href":"https:\/\/bitsmag.ro\/aff\/wp-json\/wp\/v2\/product_cat?post=86851"},{"taxonomy":"product_tag","embeddable":true,"href":"https:\/\/bitsmag.ro\/aff\/wp-json\/wp\/v2\/product_tag?post=86851"}],"curies":[{"name":"wp","href":"https:\/\/api.w.org\/{rel}","templated":true}]}}