{"id":86858,"date":"2025-11-24T12:33:08","date_gmt":"2025-11-24T12:33:08","guid":{"rendered":"https:\/\/bitsmag.ro\/aff\/shop\/uncategorized\/interfata-cablu-mb-mercedes-14-pin\/"},"modified":"2025-11-24T12:33:16","modified_gmt":"2025-11-24T12:33:16","slug":"interfata-cablu-mb-mercedes-14-pin","status":"publish","type":"product","link":"https:\/\/bitsmag.ro\/aff\/shop\/techstar-ro\/mufe-cabluri-si-adaptoare-obd\/interfata-cablu-mb-mercedes-14-pin\/","title":{"rendered":"Interfata cablu MB Mercedes 14 Pin"},"content":{"rendered":"<p>Interfata cablu MB Mercedes 14 Pin|Acesta este un adaptor profesional, durabil \u0219i de \u00eenalt\u0103 calitate, care poate fi utilizat \u00een ateliere auto Acest cablu adaptoar la OBD face pur si simplu conversia pentru modelele de masini sub 2001-2002 la mufa mama OBD. Specificatii: Categorie de obiect : Cablu de masina de diagnosticare si conector Versiune Software : Nou Nume Model : OBDII Connection Cable Voltaj : 12-24V Lungime : 26,5 cm Latime : 5 cm Greutate : 0,12kg Limbi Suportate : || Techstar.ro <\/p>\n<p>Disponibilitate: In Stoc<\/p>\n","protected":false},"excerpt":{"rendered":"<p>Acesta este un adaptor profesional, durabil \u0219i de \u00eenalt\u0103 calitate, care poate fi utilizat \u00een ateliere auto Acest cablu adaptoar la OBD face pur si simplu conversia pentru modelele de masini sub 2001-2002 la mufa mama OBD. Specificatii: Categorie de obiect : Cablu de masina de diagnosticare si conector Versiune Software : Nou Nume Model : OBDII Connection Cable Voltaj : 12-24V Lungime : 26,5 cm Latime : 5 cm Greutate : 0,12kg Limbi Suportate :<a class=\"button\" href=\"https:\/\/bitsmag.ro\/aff\/shop\/techstar-ro\/mufe-cabluri-si-adaptoare-obd\/interfata-cablu-mb-mercedes-14-pin\/\" title=\"More\">Read more<\/a><\/p>\n","protected":false},"featured_media":73477,"comment_status":"open","ping_status":"open","template":"","meta":{"_acf_changed":false},"product_brand":[],"product_cat":[13572,175],"product_tag":[],"class_list":{"0":"post-86858","1":"product","2":"type-product","3":"status-publish","4":"has-post-thumbnail","6":"product_cat-mufe-cabluri-si-adaptoare-obd","7":"product_cat-techstar-ro","8":"pa_stock-disponibilitate-in-stoc","10":"first","11":"instock","12":"sale","13":"product-type-external"},"acf":[],"_links":{"self":[{"href":"https:\/\/bitsmag.ro\/aff\/wp-json\/wp\/v2\/product\/86858","targetHints":{"allow":["GET"]}}],"collection":[{"href":"https:\/\/bitsmag.ro\/aff\/wp-json\/wp\/v2\/product"}],"about":[{"href":"https:\/\/bitsmag.ro\/aff\/wp-json\/wp\/v2\/types\/product"}],"replies":[{"embeddable":true,"href":"https:\/\/bitsmag.ro\/aff\/wp-json\/wp\/v2\/comments?post=86858"}],"wp:featuredmedia":[{"embeddable":true,"href":"https:\/\/bitsmag.ro\/aff\/wp-json\/wp\/v2\/media\/73477"}],"wp:attachment":[{"href":"https:\/\/bitsmag.ro\/aff\/wp-json\/wp\/v2\/media?parent=86858"}],"wp:term":[{"taxonomy":"product_brand","embeddable":true,"href":"https:\/\/bitsmag.ro\/aff\/wp-json\/wp\/v2\/product_brand?post=86858"},{"taxonomy":"product_cat","embeddable":true,"href":"https:\/\/bitsmag.ro\/aff\/wp-json\/wp\/v2\/product_cat?post=86858"},{"taxonomy":"product_tag","embeddable":true,"href":"https:\/\/bitsmag.ro\/aff\/wp-json\/wp\/v2\/product_tag?post=86858"}],"curies":[{"name":"wp","href":"https:\/\/api.w.org\/{rel}","templated":true}]}}